{"id":9576,"date":"2026-04-02T06:13:44","date_gmt":"2026-04-02T03:13:44","guid":{"rendered":"https:\/\/piesemotocositori.ro\/?post_type=product&#038;p=9576"},"modified":"2026-04-02T06:33:46","modified_gmt":"2026-04-02T03:33:46","slug":"cutit-cositoare-kuhn-109x40x3","status":"publish","type":"product","link":"https:\/\/piesemotocositori.ro\/?product=cutit-cositoare-kuhn-109x40x3","title":{"rendered":"CUTIT COSITOARE KUHN 109X40X3"},"content":{"rendered":"<p><img loading=\"lazy\" decoding=\"async\" class=\"alignnone size-full wp-image-9482\" src=\"https:\/\/piesemotocositori.ro\/wp-content\/uploads\/2026\/03\/cutit-cositoare-rotativa-tipul-drept.jpg\" alt=\"\" width=\"266\" height=\"192\" srcset=\"https:\/\/piesemotocositori.ro\/wp-content\/uploads\/2026\/03\/cutit-cositoare-rotativa-tipul-drept.jpg 266w, https:\/\/piesemotocositori.ro\/wp-content\/uploads\/2026\/03\/cutit-cositoare-rotativa-tipul-drept-230x166.jpg 230w\" sizes=\"auto, (max-width: 266px) 100vw, 266px\" \/><img loading=\"lazy\" decoding=\"async\" class=\"alignnone size-medium wp-image-9578\" src=\"https:\/\/piesemotocositori.ro\/wp-content\/uploads\/2026\/04\/CUTIT-COSITOARE-KUHN-109X40X3-6-222x300.jpeg\" alt=\"\" width=\"222\" height=\"300\" srcset=\"https:\/\/piesemotocositori.ro\/wp-content\/uploads\/2026\/04\/CUTIT-COSITOARE-KUHN-109X40X3-6-222x300.jpeg 222w, https:\/\/piesemotocositori.ro\/wp-content\/uploads\/2026\/04\/CUTIT-COSITOARE-KUHN-109X40X3-6-758x1024.jpeg 758w, https:\/\/piesemotocositori.ro\/wp-content\/uploads\/2026\/04\/CUTIT-COSITOARE-KUHN-109X40X3-6-768x1037.jpeg 768w, https:\/\/piesemotocositori.ro\/wp-content\/uploads\/2026\/04\/CUTIT-COSITOARE-KUHN-109X40X3-6-1138x1536.jpeg 1138w, https:\/\/piesemotocositori.ro\/wp-content\/uploads\/2026\/04\/CUTIT-COSITOARE-KUHN-109X40X3-6-1517x2048.jpeg 1517w, https:\/\/piesemotocositori.ro\/wp-content\/uploads\/2026\/04\/CUTIT-COSITOARE-KUHN-109X40X3-6-920x1242.jpeg 920w, https:\/\/piesemotocositori.ro\/wp-content\/uploads\/2026\/04\/CUTIT-COSITOARE-KUHN-109X40X3-6-230x311.jpeg 230w, https:\/\/piesemotocositori.ro\/wp-content\/uploads\/2026\/04\/CUTIT-COSITOARE-KUHN-109X40X3-6-350x473.jpeg 350w, https:\/\/piesemotocositori.ro\/wp-content\/uploads\/2026\/04\/CUTIT-COSITOARE-KUHN-109X40X3-6-480x648.jpeg 480w, https:\/\/piesemotocositori.ro\/wp-content\/uploads\/2026\/04\/CUTIT-COSITOARE-KUHN-109X40X3-6-600x810.jpeg 600w, https:\/\/piesemotocositori.ro\/wp-content\/uploads\/2026\/04\/CUTIT-COSITOARE-KUHN-109X40X3-6.jpeg 1884w\" sizes=\"auto, (max-width: 222px) 100vw, 222px\" \/> <img loading=\"lazy\" decoding=\"async\" class=\"alignnone size-medium wp-image-9579\" src=\"https:\/\/piesemotocositori.ro\/wp-content\/uploads\/2026\/04\/CUTIT-COSITOARE-KUHN-109X40X3-2-300x198.jpeg\" alt=\"\" width=\"300\" height=\"198\" srcset=\"https:\/\/piesemotocositori.ro\/wp-content\/uploads\/2026\/04\/CUTIT-COSITOARE-KUHN-109X40X3-2-300x198.jpeg 300w, https:\/\/piesemotocositori.ro\/wp-content\/uploads\/2026\/04\/CUTIT-COSITOARE-KUHN-109X40X3-2-1024x676.jpeg 1024w, https:\/\/piesemotocositori.ro\/wp-content\/uploads\/2026\/04\/CUTIT-COSITOARE-KUHN-109X40X3-2-768x507.jpeg 768w, https:\/\/piesemotocositori.ro\/wp-content\/uploads\/2026\/04\/CUTIT-COSITOARE-KUHN-109X40X3-2-1536x1014.jpeg 1536w, https:\/\/piesemotocositori.ro\/wp-content\/uploads\/2026\/04\/CUTIT-COSITOARE-KUHN-109X40X3-2-2048x1352.jpeg 2048w, https:\/\/piesemotocositori.ro\/wp-content\/uploads\/2026\/04\/CUTIT-COSITOARE-KUHN-109X40X3-2-920x607.jpeg 920w, https:\/\/piesemotocositori.ro\/wp-content\/uploads\/2026\/04\/CUTIT-COSITOARE-KUHN-109X40X3-2-230x152.jpeg 230w, https:\/\/piesemotocositori.ro\/wp-content\/uploads\/2026\/04\/CUTIT-COSITOARE-KUHN-109X40X3-2-350x231.jpeg 350w, https:\/\/piesemotocositori.ro\/wp-content\/uploads\/2026\/04\/CUTIT-COSITOARE-KUHN-109X40X3-2-480x317.jpeg 480w, https:\/\/piesemotocositori.ro\/wp-content\/uploads\/2026\/04\/CUTIT-COSITOARE-KUHN-109X40X3-2-600x396.jpeg 600w\" sizes=\"auto, (max-width: 300px) 100vw, 300px\" \/><\/p>\n<p>CUTIT COSITOARE KUHN 109X40X3<\/p>\n<p>Dimensiuni:<\/p>\n<p>Lungime: A &#8211; 109 mm<br \/>\nL\u0103\u021bime: B &#8211; 40 mm<\/p>\n<p>Grosime: 3 mm<\/p>\n<p>Diametru orificiu: C &#8211; 19 mm<\/p>\n<p>Sens de rota\u021bie:<br \/>\n&#8211; St\u00e2nga<br \/>\n&#8211; Dreapta<\/p>\n<p>Pentru urmatoarele tipuri de cositoare rotativa:<\/p>\n<p>&#8211; pentru urmatoarele marci:- GENERAL GARDEN<\/p>\n<p>Piesele noastre din\u00a0<strong class=\"Yjhzub\" data-sfc-root=\"c\" data-sfc-cb=\"\" data-complete=\"true\" data-processed=\"true\">o\u021bel de \u00eenalt\u0103 calitate<\/strong> sunt proiectate s\u0103 reziste la cele mai dure condi\u021bii. Precizie maxim\u0103, uzur\u0103 minim\u0103. Investe\u0219te \u00een performan\u021b\u0103 pe termen lung! Alege rezisten\u021ba f\u0103r\u0103 compromisuri!<\/p>\n<p>Marca VAKO<\/p>\n<p>&nbsp;<\/p>\n","protected":false},"excerpt":{"rendered":"<p>CUTIT COSITOARE KUHN 109X40X3 Dimensiuni: Lungime: A &#8211; 109 mm L\u0103\u021bime: B &#8211; 40 mm Grosime: 3 mm Diametru orificiu: C &#8211; [&hellip;]<\/p>\n","protected":false},"featured_media":9579,"comment_status":"open","ping_status":"closed","template":"","meta":[],"product_brand":[],"product_cat":[240,227,15],"product_tag":[],"class_list":{"0":"post-9576","1":"product","2":"type-product","3":"status-publish","4":"has-post-thumbnail","6":"product_cat-cutit-kuhn","7":"product_cat-piese-cositori","8":"product_cat-uncategorized","10":"first","11":"instock","12":"shipping-taxable","13":"purchasable","14":"product-type-simple"},"_links":{"self":[{"href":"https:\/\/piesemotocositori.ro\/index.php?rest_route=\/wp\/v2\/product\/9576","targetHints":{"allow":["GET"]}}],"collection":[{"href":"https:\/\/piesemotocositori.ro\/index.php?rest_route=\/wp\/v2\/product"}],"about":[{"href":"https:\/\/piesemotocositori.ro\/index.php?rest_route=\/wp\/v2\/types\/product"}],"replies":[{"embeddable":true,"href":"https:\/\/piesemotocositori.ro\/index.php?rest_route=%2Fwp%2Fv2%2Fcomments&post=9576"}],"wp:featuredmedia":[{"embeddable":true,"href":"https:\/\/piesemotocositori.ro\/index.php?rest_route=\/wp\/v2\/media\/9579"}],"wp:attachment":[{"href":"https:\/\/piesemotocositori.ro\/index.php?rest_route=%2Fwp%2Fv2%2Fmedia&parent=9576"}],"wp:term":[{"taxonomy":"product_brand","embeddable":true,"href":"https:\/\/piesemotocositori.ro\/index.php?rest_route=%2Fwp%2Fv2%2Fproduct_brand&post=9576"},{"taxonomy":"product_cat","embeddable":true,"href":"https:\/\/piesemotocositori.ro\/index.php?rest_route=%2Fwp%2Fv2%2Fproduct_cat&post=9576"},{"taxonomy":"product_tag","embeddable":true,"href":"https:\/\/piesemotocositori.ro\/index.php?rest_route=%2Fwp%2Fv2%2Fproduct_tag&post=9576"}],"curies":[{"name":"wp","href":"https:\/\/api.w.org\/{rel}","templated":true}]}}